{"id":1704,"date":"2025-05-20T12:43:20","date_gmt":"2025-05-20T12:43:20","guid":{"rendered":"https:\/\/futuredisplay.ee\/?page_id=1704"},"modified":"2026-01-19T09:02:20","modified_gmt":"2026-01-19T09:02:20","slug":"startseite","status":"publish","type":"page","link":"https:\/\/futuredisplay.ee\/de\/","title":{"rendered":"Startseite"},"content":{"rendered":"<div class=\"ama-block block-txtmedia is-style-default els-are-bottom uses-size1\"><div class=\"block__body\"><div class=\"body__content\">\n\n<p class=\"is-style-badge wp-el\"><span class=\"is-badge-content\">Seit 2011<\/span><\/p>\n\n\n\n<h2 class=\"wp-block-heading wp-el\">Druckerei \u2013 alles aus einer Hand<\/h2>\n\n\n\n<p class=\"has-semi-large-font-size wp-el\">Wir bieten einen Komplettservice \u2013 Digitaldruck und Produktion, Transport, Montage, Demontage und Lagerung.<\/p>\n\n\n\n<p class=\"has-semi-large-font-size wp-el\"><\/p>\n\n\n\n<ul class=\"wp-block-list is-style-checked wp-el\">\n<li>14&nbsp;Jahre Erfahrung<\/li>\n\n\n\n<li>1000+ realisierte Messel\u00f6sungen<\/li>\n<\/ul>\n\n<\/div><div class=\"body__media has-pattern\"><div class=\"splide\" data-splide={\"type\":\"fade\",\"arrows\":false,\"pagination\":false}><div class=\"splide__track\"><ul class=\"splide__list\"><li class=\"splide__slide\"><a href=\"https:\/\/futuredisplay.ee\/wp-content\/uploads\/2025\/05\/800b8825bf488c62f179654afdb224225ded652b-1504x1002.jpg\" data-fancybox=\"txtmedia-block_d57e8ab57f13b0502773aba9e3e44cc9\"><picture><source media=\"(max-width:991px)\" srcset=\"https:\/\/futuredisplay.ee\/wp-content\/uploads\/bis-images\/1705\/800b8825bf488c62f179654afdb224225ded652b-991x860-f50_50.jpg\"><source media=\"(max-width:3840px)\" srcset=\"https:\/\/futuredisplay.ee\/wp-content\/uploads\/bis-images\/1705\/800b8825bf488c62f179654afdb224225ded652b-736x688-f50_50.jpg\"><source media=\"(min-width:3841px)\" srcset=\"https:\/\/futuredisplay.ee\/wp-content\/uploads\/2025\/05\/800b8825bf488c62f179654afdb224225ded652b.jpg\"><img width=\"2048\" height=\"1364\" src=\"https:\/\/futuredisplay.ee\/wp-content\/uploads\/2025\/05\/800b8825bf488c62f179654afdb224225ded652b.jpg\" class=\"attachment-full size-full\" alt=\"\" srcset=\"https:\/\/futuredisplay.ee\/wp-content\/uploads\/2025\/05\/800b8825bf488c62f179654afdb224225ded652b.jpg 2048w, https:\/\/futuredisplay.ee\/wp-content\/uploads\/2025\/05\/800b8825bf488c62f179654afdb224225ded652b-864x575.jpg 864w, https:\/\/futuredisplay.ee\/wp-content\/uploads\/2025\/05\/800b8825bf488c62f179654afdb224225ded652b-1504x1002.jpg 1504w\" sizes=\"(max-width: 2048px) 100vw, 2048px\" fetchpriority=\"high\" loading=\"eager\" decoding=\"async\" \/><\/picture><\/a><\/li><\/ul><\/div><\/div><\/div><\/div><\/div>\n\n<div class=\"ama-block block-gallery is-style-alt\" data-limit=\"12\"><div class=\"block__body overflow-hidden\"><div class=\"gallery\"><figure class=\"gallery-item \" data-id=\"1659\" ><button type=\"button\"><img decoding=\"async\" width=\"352\" height=\"488\" src=\"https:\/\/futuredisplay.ee\/wp-content\/uploads\/bis-images\/1659\/Santa-Maria-352x488-f50_50.jpeg\" class=\"attachment-352x488\" alt=\"Metallist POS lahendused\" loading=\"lazy\" \/><span class=\"overlay\">Gr\u00f6\u00dfer \u00f6ffnen<\/span><\/button><\/figure><figure class=\"gallery-item \" data-id=\"1600\" ><button type=\"button\"><img decoding=\"async\" width=\"352\" height=\"488\" src=\"https:\/\/futuredisplay.ee\/wp-content\/uploads\/bis-images\/1600\/Messide-erilahendused-352x488-f50_50.jpeg\" class=\"attachment-352x488\" alt=\"Erilahendused\" loading=\"lazy\" \/><span class=\"overlay\">Gr\u00f6\u00dfer \u00f6ffnen<\/span><\/button><\/figure><figure class=\"gallery-item \" data-id=\"1632\" ><button type=\"button\"><img decoding=\"async\" width=\"352\" height=\"488\" src=\"https:\/\/futuredisplay.ee\/wp-content\/uploads\/bis-images\/1632\/Aluseumbrise-printimine-352x488-f50_50.jpeg\" class=\"attachment-352x488\" alt=\"Aluse\u00fcmbrised\" loading=\"lazy\" \/><span class=\"overlay\">Gr\u00f6\u00dfer \u00f6ffnen<\/span><\/button><\/figure><figure class=\"gallery-item \" data-id=\"1652\" ><button type=\"button\"><img decoding=\"async\" width=\"352\" height=\"488\" src=\"https:\/\/futuredisplay.ee\/wp-content\/uploads\/bis-images\/1652\/Riiuliraakija-naidis-352x488-f50_50.jpeg\" class=\"attachment-352x488\" alt=\"Riiulir\u00e4\u00e4kija\" loading=\"lazy\" \/><span class=\"overlay\">Gr\u00f6\u00dfer \u00f6ffnen<\/span><\/button><\/figure><\/div><\/div><div class=\"block__footer is-centered\"><div class=\"wp-block-button is-style-outline\"><a href=\"https:\/\/futuredisplay.ee\/de\/inspiration\/\" class=\"wp-block-button__link\">Sehen Sie sich unsere Referenzen an<\/a><\/div><\/div><div class=\"modal gallery-modal fade\" id=\"galleryItem1659\" tabindex=\"-1\" aria-hidden=\"true\"><div class=\"modal-dialog modal-dialog-centered\"><div class=\"modal-content\"><div class=\"modal-header\"><button type=\"button\" class=\"btn-close\" data-bs-dismiss=\"modal\" aria-label=\"Close\"><\/button><\/div><div class=\"modal-body\"><img decoding=\"async\" width=\"654\" height=\"872\" src=\"https:\/\/futuredisplay.ee\/wp-content\/uploads\/bis-images\/1659\/Santa-Maria-872x872.jpeg\" class=\"attachment-872x872\" alt=\"Metallist POS lahendused\" loading=\"lazy\" \/><button type=\"button\" class=\"modal-nav modal-nav__next\"><\/button><\/div><\/div><\/div><\/div><div class=\"modal gallery-modal fade\" id=\"galleryItem1600\" tabindex=\"-1\" aria-hidden=\"true\"><div class=\"modal-dialog modal-dialog-centered\"><div class=\"modal-content\"><div class=\"modal-header\"><button type=\"button\" class=\"btn-close\" data-bs-dismiss=\"modal\" aria-label=\"Close\"><\/button><\/div><div class=\"modal-body\"><img decoding=\"async\" width=\"654\" height=\"872\" src=\"https:\/\/futuredisplay.ee\/wp-content\/uploads\/bis-images\/1600\/Messide-erilahendused-872x872.jpeg\" class=\"attachment-872x872\" alt=\"Erilahendused\" loading=\"lazy\" \/><button type=\"button\" class=\"modal-nav modal-nav__prev\"><\/button><button type=\"button\" class=\"modal-nav modal-nav__next\"><\/button><\/div><\/div><\/div><\/div><div class=\"modal gallery-modal fade\" id=\"galleryItem1632\" tabindex=\"-1\" aria-hidden=\"true\"><div class=\"modal-dialog modal-dialog-centered\"><div class=\"modal-content\"><div class=\"modal-header\"><button type=\"button\" class=\"btn-close\" data-bs-dismiss=\"modal\" aria-label=\"Close\"><\/button><\/div><div class=\"modal-body\"><img decoding=\"async\" width=\"872\" height=\"872\" src=\"https:\/\/futuredisplay.ee\/wp-content\/uploads\/bis-images\/1632\/Aluseumbrise-printimine-872x872.jpeg\" class=\"attachment-872x872\" alt=\"Aluse\u00fcmbrised\" loading=\"lazy\" \/><button type=\"button\" class=\"modal-nav modal-nav__prev\"><\/button><button type=\"button\" class=\"modal-nav modal-nav__next\"><\/button><\/div><\/div><\/div><\/div><div class=\"modal gallery-modal fade\" id=\"galleryItem1652\" tabindex=\"-1\" aria-hidden=\"true\"><div class=\"modal-dialog modal-dialog-centered\"><div class=\"modal-content\"><div class=\"modal-header\"><button type=\"button\" class=\"btn-close\" data-bs-dismiss=\"modal\" aria-label=\"Close\"><\/button><\/div><div class=\"modal-body\"><img decoding=\"async\" width=\"872\" height=\"872\" src=\"https:\/\/futuredisplay.ee\/wp-content\/uploads\/bis-images\/1652\/Riiuliraakija-naidis-872x872.jpeg\" class=\"attachment-872x872\" alt=\"Riiulir\u00e4\u00e4kija\" loading=\"lazy\" \/><button type=\"button\" class=\"modal-nav modal-nav__prev\"><\/button><\/div><\/div><\/div><\/div><\/div>\n\n<div class=\"ama-block block-logos full-width overflow-hidden\"><div class=\"block__body\"><div class=\"logo-wrapper\"><div class=\"logo-item\"><img loading=\"lazy\" decoding=\"async\" src=\"https:\/\/futuredisplay.ee\/wp-content\/uploads\/2025\/05\/Belief.svg\" width=\"224\" height=\"56\" alt=\"\"><\/div><div class=\"logo-item\"><img loading=\"lazy\" decoding=\"async\" src=\"https:\/\/futuredisplay.ee\/wp-content\/uploads\/2025\/05\/dpd.svg\" width=\"224\" height=\"56\" alt=\"\"><\/div><div class=\"logo-item\"><img loading=\"lazy\" decoding=\"async\" src=\"https:\/\/futuredisplay.ee\/wp-content\/uploads\/2025\/05\/Padelikeskus.svg\" width=\"224\" height=\"56\" alt=\"\"><\/div><div class=\"logo-item\"><img loading=\"lazy\" decoding=\"async\" src=\"https:\/\/futuredisplay.ee\/wp-content\/uploads\/2025\/05\/sanitex.svg\" width=\"224\" height=\"56\" alt=\"\"><\/div><div class=\"logo-item\"><img loading=\"lazy\" decoding=\"async\" src=\"https:\/\/futuredisplay.ee\/wp-content\/uploads\/2025\/05\/Salvest.svg\" width=\"224\" height=\"56\" alt=\"\"><\/div><div class=\"logo-item\"><img loading=\"lazy\" decoding=\"async\" src=\"https:\/\/futuredisplay.ee\/wp-content\/uploads\/2025\/05\/Tridens.svg\" width=\"224\" height=\"56\" alt=\"\"><\/div><\/div><\/div><\/div>\n\n<div class=\"ama-block block-bgcolor has-secondary-500-background-color full-width\">\n<div class=\"ama-block block-icon-title\"><div class=\"block__header\"><h2>Komplettservice \u2013 alles aus einer Hand<\/h2><\/div><div class=\"block__body\"><div class=\"icon-title-item\"><span class=\"ama-mask\" style=\"mask-image: url(https:\/\/futuredisplay.ee\/wp-content\/uploads\/2025\/05\/design.svg); -webkit-mask-image: url(https:\/\/futuredisplay.ee\/wp-content\/uploads\/2025\/05\/design.svg);\">\r\n            <img loading=\"lazy\" decoding=\"async\" src=\"https:\/\/futuredisplay.ee\/wp-content\/uploads\/2025\/05\/design.svg\" width=\"64\" height=\"64\" alt=\"\">\r\n        <\/span><p>Design<\/p><\/div><div class=\"icon-title-item\"><span class=\"ama-mask\" style=\"mask-image: url(https:\/\/futuredisplay.ee\/wp-content\/uploads\/2025\/05\/producing.svg); -webkit-mask-image: url(https:\/\/futuredisplay.ee\/wp-content\/uploads\/2025\/05\/producing.svg);\">\r\n            <img loading=\"lazy\" decoding=\"async\" src=\"https:\/\/futuredisplay.ee\/wp-content\/uploads\/2025\/05\/producing.svg\" width=\"65\" height=\"64\" alt=\"\">\r\n        <\/span><p>Produktion<\/p><\/div><div class=\"icon-title-item\"><span class=\"ama-mask\" style=\"mask-image: url(https:\/\/futuredisplay.ee\/wp-content\/uploads\/2025\/05\/adding.svg); -webkit-mask-image: url(https:\/\/futuredisplay.ee\/wp-content\/uploads\/2025\/05\/adding.svg);\">\r\n            <img loading=\"lazy\" decoding=\"async\" src=\"https:\/\/futuredisplay.ee\/wp-content\/uploads\/2025\/05\/adding.svg\" width=\"65\" height=\"64\" alt=\"\">\r\n        <\/span><p>Montage und Demontage<\/p><\/div><div class=\"icon-title-item\"><span class=\"ama-mask\" style=\"mask-image: url(https:\/\/futuredisplay.ee\/wp-content\/uploads\/2025\/05\/warehouse.svg); -webkit-mask-image: url(https:\/\/futuredisplay.ee\/wp-content\/uploads\/2025\/05\/warehouse.svg);\">\r\n            <img loading=\"lazy\" decoding=\"async\" src=\"https:\/\/futuredisplay.ee\/wp-content\/uploads\/2025\/05\/warehouse.svg\" width=\"65\" height=\"64\" alt=\"\">\r\n        <\/span><p>Lagerung<\/p><\/div><div class=\"icon-title-item\"><span class=\"ama-mask\" style=\"mask-image: url(https:\/\/futuredisplay.ee\/wp-content\/uploads\/2025\/05\/map-pin-one.svg); -webkit-mask-image: url(https:\/\/futuredisplay.ee\/wp-content\/uploads\/2025\/05\/map-pin-one.svg);\">\r\n            <img loading=\"lazy\" decoding=\"async\" src=\"https:\/\/futuredisplay.ee\/wp-content\/uploads\/2025\/05\/map-pin-one.svg\" width=\"65\" height=\"64\" alt=\"\">\r\n        <\/span><p>Wir f\u00fchren Arbeiten in ganz Estland durch<\/p><\/div><\/div><div class=\"block__footer\"><div class=\"wp-block-button is-style-outline\"><a href=\"https:\/\/futuredisplay.ee\/de\/dienstleistungen\/\" class=\"wp-block-button__link\">Service entdecken<\/a><\/div><\/div><\/div>\n<\/div>\n\n<div class=\"ama-block block-bgcolor has-primary-700-background-color full-width\">\n<div class=\"ama-block block-txtvideo els-are-center\"><div class=\"block__body\"><div class=\"body__content\">\n\n<h2 class=\"wp-block-heading wp-el\">Re-board ist leicht, widerstandsf\u00e4hig und auff\u00e4llig.<\/h2>\n\n\n\n<p class=\"wp-el\">Einzelh\u00e4ndler ben\u00f6tigen frische und kosteneffiziente Displays. Future Display verbindet mit Re-board auff\u00e4lliges Design, Leichtigkeit und Nachhaltigkeit.<\/p>\n\n\n\n<ul class=\"wp-block-list is-style-checked wp-el\">\n<li>Wiederverwendbar<\/li>\n\n\n\n<li>Bedruckbar<\/li>\n\n\n\n<li>Tragf\u00e4higkeit bis zu 70\u202fkg<\/li>\n<\/ul>\n\n\n\n<div class=\"wp-block-buttons is-layout-flex wp-block-buttons-is-layout-flex\">\n<div class=\"wp-block-button is-style-outline is-style-outline--1\"><a class=\"wp-block-button__link wp-element-button\" href=\"https:\/\/futuredisplay.ee\/de\/re-board\/\">Siehe hier<\/a><\/div>\n<\/div>\n\n<\/div><div class=\"body__media\">\n<div data-fullscreen=\"disabled\" data-mode=\"lazyload\" data-oembed=\"1\" data-provider=\"youtube\" data-reset-after-played id=\"arve-youtube-b3xqjak_ui4\" class=\"arve arve-hover-effect-darken\">\n\t<div class=\"arve-inner\">\n\t\t<div class=\"arve-embed arve-embed--has-aspect-ratio\">\n\t\t\t<div class=\"arve-ar\" style=\"padding-top:56.250000%\"><\/div>\n\t\t\t<noscript class=\"arve-noscript\"><iframe allow=\"accelerometer &apos;none&apos;;autoplay;bluetooth &apos;none&apos;;browsing-topics &apos;none&apos;;camera &apos;none&apos;;clipboard-read &apos;none&apos;;clipboard-write;display-capture &apos;none&apos;;encrypted-media &apos;none&apos;;gamepad &apos;none&apos;;geolocation &apos;none&apos;;gyroscope &apos;none&apos;;hid &apos;none&apos;;identity-credentials-get &apos;none&apos;;idle-detection &apos;none&apos;;keyboard-map &apos;none&apos;;local-fonts;magnetometer &apos;none&apos;;microphone &apos;none&apos;;midi &apos;none&apos;;otp-credentials &apos;none&apos;;payment &apos;none&apos;;picture-in-picture;publickey-credentials-create &apos;none&apos;;publickey-credentials-get &apos;none&apos;;screen-wake-lock &apos;none&apos;;serial &apos;none&apos;;summarizer &apos;none&apos;;sync-xhr;usb &apos;none&apos;;web-share;window-management &apos;none&apos;;xr-spatial-tracking &apos;none&apos;;\" allowfullscreen=\"\" class=\"arve-iframe fitvidsignore\" credentialless data-arve=\"arve-youtube-b3xqjak_ui4\" data-lenis-prevent=\"\" data-src-no-ap=\"https:\/\/www.youtube-nocookie.com\/embed\/b3XQjak_Ui4?feature=oembed&amp;iv_load_policy=3&amp;modestbranding=1&amp;rel=0&amp;autohide=1&amp;playsinline=0&amp;autoplay=0&amp;enablejsapi=1\" frameborder=\"0\" height=\"0\" loading=\"eager\" name=\"\" referrerpolicy=\"strict-origin-when-cross-origin\" sandbox=\"allow-scripts allow-same-origin allow-presentation allow-popups allow-popups-to-escape-sandbox\" scrolling=\"no\" src=\"https:\/\/www.youtube-nocookie.com\/embed\/b3XQjak_Ui4?feature=oembed&#038;iv_load_policy=3&#038;modestbranding=1&#038;rel=0&#038;autohide=1&#038;playsinline=0&#038;autoplay=1&#038;enablejsapi=1\" title=\"FutureDisplay\" width=\"0\"><\/iframe><\/noscript>\n\t\t\t<img decoding=\"async\" alt=\"FutureDisplay\" class=\"arve-thumbnail\" height=\"360\" loading=\"lazy\" sizes=\"auto\" src=\"https:\/\/i.ytimg.com\/vi\/b3XQjak_Ui4\/hqdefault.jpg\" srcset=\"https:\/\/i.ytimg.com\/vi_webp\/b3XQjak_Ui4\/hqdefault.webp 480w, https:\/\/i.ytimg.com\/vi_webp\/b3XQjak_Ui4\/sddefault.webp 640w, https:\/\/i.ytimg.com\/vi_webp\/b3XQjak_Ui4\/maxresdefault.webp 1280w\" width=\"480\">\n\t\t\t<button aria-label=\"Play video: FutureDisplay\" class=\"arve-play-btn arve-play-btn--circle\" data-target=\"#arve-youtube-b3xqjak_ui4\" role=\"button\" type=\"button\"><svg class=\"arve-play-svg arve-play-svg--circle\" focusable=\"false\" aria-hidden=\"true\" width=\"75\" viewBox=\"0 0 50 50\"xmlns=\"http:\/\/www.w3.org\/2000\/svg\"><circle fill=\"black\" fill-opacity=\"0.4\" cx=\"25\" cy=\"25\" r=\"25\"><\/circle><path fill=\"white\" fill-opacity=\"0.8\" fill-rule=\"evenodd\" d=\"M 25, 25m -21, 0a 21,21 0 1,0 42,0a 21,21 0 1,0 -42,0M18.5 14 v22 l17 -11z\"><\/path><\/svg><\/button>\n\t\t\t\n\t\t<\/div>\n\t\t\n\t<\/div>\n\t\n\t\n\t<script type=\"application\/ld+json\">{\"@context\":\"http:\\\/\\\/schema.org\\\/\",\"@id\":\"https:\\\/\\\/futuredisplay.ee\\\/de\\\/#arve-youtube-b3xqjak_ui4\",\"type\":\"VideoObject\",\"embedURL\":\"https:\\\/\\\/www.youtube-nocookie.com\\\/embed\\\/b3XQjak_Ui4?feature=oembed&iv_load_policy=3&modestbranding=1&rel=0&autohide=1&playsinline=0&autoplay=1&enablejsapi=1\",\"name\":\"FutureDisplay\",\"thumbnailUrl\":\"https:\\\/\\\/i.ytimg.com\\\/vi\\\/b3XQjak_Ui4\\\/hqdefault.jpg\",\"uploadDate\":\"2018-06-01T11:08:03Z\",\"author\":\"Silver Muru\",\"description\":\"Seit 2011 Druckerei \\u2013 alles aus einer Hand Wir bieten einen Komplettservice \\u2013 Digitaldruck und Produktion, Transport, Montage, Demontage und Lagerung. 14&nbsp;Jahre Erfahrung 1000+ realisierte Messel\\u00f6sungen Re-board ist leicht, widerstandsf\\u00e4hig und auff\\u00e4llig. Einzelh\\u00e4ndler ben\\u00f6tigen frische und kost\"}<\/script>\n\t\n<\/div><\/div><\/div><\/div>\n<\/div>\n\n<div class=\"ama-block block-cfeedback is-style-slider full-width overflow-hidden\"><div class=\"block__header\"><h2>Das sagen unsere Kunden<\/h2><\/div><div class=\"block__body\"><div class=\"splide\" data-splide={\"gap\":\"var(--ama-gutter-double-x)\",\"perMove\":1,\"pagination\":false}><div class=\"splide__track\"><ul class=\"splide__list\"><li class=\"splide__slide\"><div class=\"client-feedback-item\"><div class=\"item__content\"><p>Unsere Zusammenarbeit besteht seit vielen Jahren und basiert auf einem sehr starken Vertrauensverh\u00e4ltnis. Wir unterst\u00fctzen bei der Ideenentwicklung, beim Design und bei der Produktion durch Future Display. Durch die Zusammenarbeit entstehen stets Ergebnisse, die sowohl auf dem lokalen als auch auf internationalen M\u00e4rkten Aufmerksamkeit erregen. Zusammenfassend l\u00e4sst sich sagen, dass es sich um ein schnelles, zuverl\u00e4ssiges und \u2013 was besonders wichtig ist \u2013 sympathisches Unternehmen handelt.<\/p>\n<\/div><div class=\"item__about\"><img decoding=\"async\" width=\"56\" height=\"56\" src=\"https:\/\/futuredisplay.ee\/wp-content\/uploads\/bis-images\/401\/fallback-56x56-f50_50.jpg\" class=\"attachment-56x56\" alt=\"fallback\" loading=\"lazy\" \/><div class=\"is-content\"><p class=\"is-name\">Leana<\/p><p>Printlink<\/p>\n<\/div><\/div><\/div><\/li><li class=\"splide__slide\"><div class=\"client-feedback-item\"><div class=\"item__content\"><p>Von der Erstellung des visuellen Konzepts bis zum Aufbau des Messestandes verlief alles wie vereinbart und ohne Verz\u00f6gerungen. Das f\u00fcr den Bau der St\u00e4nde verwendete Re-board-Material erwies sich sowohl in Bezug auf Qualit\u00e4t als auch auf Nachhaltigkeit als eine \u00fcberzeugende Wahl. Die Kunden sch\u00e4tzten die Leichtigkeit, Festigkeit und visuelle Reinheit des Materials, das den Bau modularer, gut strukturierter und markenunterst\u00fctzender Messest\u00e4nde erm\u00f6glichte. Re-board erm\u00f6glichte zudem eine schnelle Montage und einfache Logistik, w\u00e4hrend gleichzeitig ein professioneller und einheitlicher Gesamteindruck gewahrt blieb.<\/p>\n<\/div><div class=\"item__about\"><img decoding=\"async\" width=\"56\" height=\"56\" src=\"https:\/\/futuredisplay.ee\/wp-content\/uploads\/bis-images\/401\/fallback-56x56-f50_50.jpg\" class=\"attachment-56x56\" alt=\"fallback\" loading=\"lazy\" \/><div class=\"is-content\"><p class=\"is-name\">Liina<\/p><p>Eesti Toiduainet\u00f6\u00f6stuse Liit<\/p>\n<\/div><\/div><\/div><\/li><li class=\"splide__slide\"><div class=\"client-feedback-item\"><div class=\"item__content\"><p>Future Display ist ein langj\u00e4hriger Kooperationspartner von Salvest, und wir m\u00f6chten insbesondere die sehr schnelle Reaktionszeit bei unseren Bestellungen hervorheben \u2013 die Produktion ist schnell, die Qualit\u00e4t hoch, und all dies wird durch eine sehr gute Kundenkommunikation erg\u00e4nzt.<\/p>\n<\/div><div class=\"item__about\"><img decoding=\"async\" width=\"56\" height=\"56\" src=\"https:\/\/futuredisplay.ee\/wp-content\/uploads\/bis-images\/401\/fallback-56x56-f50_50.jpg\" class=\"attachment-56x56\" alt=\"fallback\" loading=\"lazy\" \/><div class=\"is-content\"><p class=\"is-name\">Diana<\/p><p>Salvest<\/p>\n<\/div><\/div><\/div><\/li><\/ul><\/div><div class=\"splide__arrows\"><button class=\"splide__arrow splide__arrow--prev\"><svg width=\"16\" height=\"16\" viewBox=\"0 0 16 16\" fill=\"none\" xmlns=\"http:\/\/www.w3.org\/2000\/svg\"><path d=\"M14 8H2\" stroke=\"currentColor\" stroke-width=\"1.5\" stroke-linecap=\"round\" stroke-linejoin=\"round\"\/><path d=\"M7.3335 2.66659L2.00016 7.99992L7.3335 13.3333\" stroke=\"currentColor\" stroke-width=\"1.5\" stroke-linecap=\"round\" stroke-linejoin=\"round\"\/><\/svg><\/button><button class=\"splide__arrow splide__arrow--next\"><svg width=\"16\" height=\"16\" viewBox=\"0 0 16 16\" fill=\"none\" xmlns=\"http:\/\/www.w3.org\/2000\/svg\"><path d=\"M2 8H14\" stroke=\"currentColor\" stroke-width=\"1.5\" stroke-linecap=\"round\" stroke-linejoin=\"round\"\/><path d=\"M8.6665 2.66659L13.9998 7.99992L8.6665 13.3333\" stroke=\"currentColor\" stroke-width=\"1.5\" stroke-linecap=\"round\" stroke-linejoin=\"round\"\/><\/svg><\/button><\/div><\/div><\/div><\/div><div class=\"ama-block block-bgcolor has-secondary-500-background-color full-width\">\n<div class=\"ama-block block-txtmap full-width\"><div class=\"block__body\"><div class=\"body__content\">\n\n<h2 class=\"wp-block-heading wp-el\">Wir produzieren in Estland und versenden europaweit<\/h2>\n\n\n\n<p class=\"wp-el\">Bei Future Design O\u00dc werden Ihre POS-Materialien mit den modernsten Maschinen Estlands hergestellt. Wir sind mit Re-board-Material bestens vertraut und k\u00f6nnen damit auch Ihre ausgefallensten Ideen realisieren.<\/p>\n\n<\/div><div class=\"body__map\"><img decoding=\"async\" width=\"1072\" height=\"864\" src=\"https:\/\/futuredisplay.ee\/wp-content\/uploads\/bis-images\/1708\/map-1072x864-f50_50.png\" class=\"attachment-1072x864\" alt=\"map\" loading=\"lazy\" \/><\/div><\/div><\/div>\n<\/div>\n\n<div class=\"ama-block block-cards\"><div class=\"block__header\"><h2>Wobei k\u00f6nnen wir Sie unterst\u00fctzen?<\/h2><\/div><div class=\"block__body\"><a href=\"https:\/\/futuredisplay.ee\/de\/re-board\/\" class=\"card-item\"><div class=\"card-image\"><img loading=\"lazy\" decoding=\"async\" width=\"352\" height=\"480\" src=\"https:\/\/futuredisplay.ee\/wp-content\/uploads\/2025\/05\/santa_future-352x480.png\" class=\"attachment-img-352x480 size-img-352x480\" alt=\"\" \/><\/div><p class=\"card-title\"><span>Re-board-Displays<\/span><\/p><\/a><a href=\"https:\/\/futuredisplay.ee\/de\/solutions\/messewaende\/\" class=\"card-item\"><div class=\"card-image\"><img loading=\"lazy\" decoding=\"async\" width=\"352\" height=\"480\" src=\"https:\/\/futuredisplay.ee\/wp-content\/uploads\/2025\/05\/800b8825bf488c62f179654afdb224225ded652b-352x480.jpg\" class=\"attachment-img-352x480 size-img-352x480\" alt=\"\" \/><\/div><p class=\"card-title\"><span>Messest\u00e4nde<\/span><\/p><\/a><a href=\"https:\/\/futuredisplay.ee\/de\/solutions\/wobbler\/\" class=\"card-item\"><div class=\"card-image\"><img loading=\"lazy\" decoding=\"async\" width=\"352\" height=\"480\" src=\"https:\/\/futuredisplay.ee\/wp-content\/uploads\/2025\/05\/riiuliraakija-352x480.png\" class=\"attachment-img-352x480 size-img-352x480\" alt=\"riiulir\u00e4\u00e4kija\" srcset=\"https:\/\/futuredisplay.ee\/wp-content\/uploads\/2025\/05\/riiuliraakija-352x480.png 352w, https:\/\/futuredisplay.ee\/wp-content\/uploads\/2025\/05\/riiuliraakija.png 705w\" sizes=\"auto, (max-width: 352px) 100vw, 352px\" \/><\/div><p class=\"card-title\"><span>Wobbler<\/span><\/p><\/a><a href=\"https:\/\/futuredisplay.ee\/de\/solutions\/fotowaende\/\" class=\"card-item\"><div class=\"card-image\"><img loading=\"lazy\" decoding=\"async\" width=\"352\" height=\"480\" src=\"https:\/\/futuredisplay.ee\/wp-content\/uploads\/2025\/05\/FD-fotosein-352x480.png\" class=\"attachment-img-352x480 size-img-352x480\" alt=\"\" \/><\/div><p class=\"card-title\"><span>Fotow\u00e4nde<\/span><\/p><\/a><a href=\"https:\/\/futuredisplay.ee\/de\/solutions\/fussbodenaufkleber\/\" class=\"card-item\"><div class=\"card-image\"><img loading=\"lazy\" decoding=\"async\" width=\"352\" height=\"480\" src=\"https:\/\/futuredisplay.ee\/wp-content\/uploads\/2025\/05\/p6rand_future-352x480.png\" class=\"attachment-img-352x480 size-img-352x480\" alt=\"P\u00e4randakleebised\" \/><\/div><p class=\"card-title\"><span>Bodenaufkleber<\/span><\/p><\/a><a href=\"https:\/\/futuredisplay.ee\/de\/solutions\/sicherheitsschranken\/\" class=\"card-item\"><div class=\"card-image\"><img loading=\"lazy\" decoding=\"async\" width=\"352\" height=\"480\" src=\"https:\/\/futuredisplay.ee\/wp-content\/uploads\/2025\/05\/vrv_future_3-2-352x480.png\" class=\"attachment-img-352x480 size-img-352x480\" alt=\"Turvav\u00e4ravad\" \/><\/div><p class=\"card-title\"><span>Sicherheitsschrankenabdeckungen<\/span><\/p><\/a><a href=\"https:\/\/futuredisplay.ee\/de\/solutions\/wellpappe\/\" class=\"card-item\"><div class=\"card-image\"><img loading=\"lazy\" decoding=\"async\" width=\"352\" height=\"480\" src=\"https:\/\/futuredisplay.ee\/wp-content\/uploads\/2025\/05\/future_clips-352x480.png\" class=\"attachment-img-352x480 size-img-352x480\" alt=\"\" \/><\/div><p class=\"card-title\"><span>Wellpapp-Displays<\/span><\/p><\/a><a href=\"https:\/\/futuredisplay.ee\/de\/solutions\/regalstopper\/\" class=\"card-item\"><div class=\"card-image\"><img loading=\"lazy\" decoding=\"async\" width=\"352\" height=\"480\" src=\"https:\/\/futuredisplay.ee\/wp-content\/uploads\/2025\/05\/rip_future_1-352x480.png\" class=\"attachment-img-352x480 size-img-352x480\" alt=\"\" \/><\/div><p class=\"card-title\"><span>Regalstopper<\/span><\/p><\/a><\/div><\/div>","protected":false},"excerpt":{"rendered":"","protected":false},"author":3,"featured_media":0,"parent":0,"menu_order":0,"comment_status":"closed","ping_status":"closed","template":"","meta":{"_acf_changed":false,"inline_featured_image":false,"footnotes":""},"class_list":["post-1704","page","type-page","status-publish","hentry"],"acf":[],"_links":{"self":[{"href":"https:\/\/futuredisplay.ee\/de\/wp-json\/wp\/v2\/pages\/1704","targetHints":{"allow":["GET"]}}],"collection":[{"href":"https:\/\/futuredisplay.ee\/de\/wp-json\/wp\/v2\/pages"}],"about":[{"href":"https:\/\/futuredisplay.ee\/de\/wp-json\/wp\/v2\/types\/page"}],"author":[{"embeddable":true,"href":"https:\/\/futuredisplay.ee\/de\/wp-json\/wp\/v2\/users\/3"}],"replies":[{"embeddable":true,"href":"https:\/\/futuredisplay.ee\/de\/wp-json\/wp\/v2\/comments?post=1704"}],"version-history":[{"count":0,"href":"https:\/\/futuredisplay.ee\/de\/wp-json\/wp\/v2\/pages\/1704\/revisions"}],"wp:attachment":[{"href":"https:\/\/futuredisplay.ee\/de\/wp-json\/wp\/v2\/media?parent=1704"}],"curies":[{"name":"wp","href":"https:\/\/api.w.org\/{rel}","templated":true}]}}