{"id":1725,"date":"2025-05-26T05:46:25","date_gmt":"2025-05-26T05:46:25","guid":{"rendered":"https:\/\/futuredisplay.ee\/?page_id=1725"},"modified":"2025-12-20T13:52:30","modified_gmt":"2025-12-20T13:52:30","slug":"dienstleistungen","status":"publish","type":"page","link":"https:\/\/futuredisplay.ee\/de\/dienstleistungen\/","title":{"rendered":"Dienstleistungen"},"content":{"rendered":"<div class=\"ama-block block-txtmedia is-style-media-left els-are-center uses-size3\"><div class=\"block__body\"><div class=\"body__content\">\n\n<h1 class=\"wp-block-heading wp-el\">Komplettservice<\/h1>\n\n\n\n<p class=\"wp-el\">Wir bieten Ihnen einen Komplettservice f\u00fcr die Herstellung von Marketingmaterialien. Wir verf\u00fcgen \u00fcber langj\u00e4hrige Kenntnisse und Erfahrungen in diesem Bereich. Der Komplettservice f\u00fcr POS-Materialien ist so einfach und bequem, dass wir es selbst kaum glauben k\u00f6nnten, wenn wir es nicht besser w\u00fcssten.<\/p>\n\n\n\n<p class=\"wp-el\">Design, Produktion, Abstimmung von Medienfl\u00e4chen und Logistik \u2013 alles aus einer Hand. Wenn Sie einen Komplettservice f\u00fcr POS-L\u00f6sungen in Auftrag geben m\u00f6chten oder weitere Informationen zu diesem Service w\u00fcnschen, setzen Sie sich bitte mit uns in Verbindung, damit wir gemeinsam die f\u00fcr Sie am besten geeignete L\u00f6sung finden k\u00f6nnen.<\/p>\n\n<\/div><div class=\"body__media\"><div class=\"splide\" data-splide={\"type\":\"fade\",\"arrows\":false,\"pagination\":false}><div class=\"splide__track\"><ul class=\"splide__list\"><li class=\"splide__slide\"><a href=\"https:\/\/futuredisplay.ee\/wp-content\/uploads\/2025\/05\/Nocco-Vitamin-Well-ja-Barebells-re-board-1504x1128.jpeg\" data-fancybox=\"txtmedia-block_718b2e8c107b63d3ece9f4dcf6663659\"><picture><source media=\"(max-width:991px)\" srcset=\"https:\/\/futuredisplay.ee\/wp-content\/uploads\/bis-images\/1665\/Nocco-Vitamin-Well-ja-Barebells-re-board-991x860-f50_50.jpeg\"><source media=\"(max-width:3840px)\" srcset=\"https:\/\/futuredisplay.ee\/wp-content\/uploads\/bis-images\/1665\/Nocco-Vitamin-Well-ja-Barebells-re-board-864x640-f50_50.jpeg\"><source media=\"(min-width:3841px)\" srcset=\"https:\/\/futuredisplay.ee\/wp-content\/uploads\/2025\/05\/Nocco-Vitamin-Well-ja-Barebells-re-board.jpeg\"><img width=\"1600\" height=\"1200\" src=\"https:\/\/futuredisplay.ee\/wp-content\/uploads\/2025\/05\/Nocco-Vitamin-Well-ja-Barebells-re-board.jpeg\" class=\"attachment-full size-full\" alt=\"Re-boardist POS ja messide lahendused\" srcset=\"https:\/\/futuredisplay.ee\/wp-content\/uploads\/2025\/05\/Nocco-Vitamin-Well-ja-Barebells-re-board.jpeg 1600w, https:\/\/futuredisplay.ee\/wp-content\/uploads\/2025\/05\/Nocco-Vitamin-Well-ja-Barebells-re-board-864x648.jpeg 864w, https:\/\/futuredisplay.ee\/wp-content\/uploads\/2025\/05\/Nocco-Vitamin-Well-ja-Barebells-re-board-1504x1128.jpeg 1504w\" sizes=\"(max-width: 1600px) 100vw, 1600px\" fetchpriority=\"high\" loading=\"eager\" decoding=\"async\" \/><\/picture><\/a><\/li><\/ul><\/div><\/div><\/div><\/div><\/div>\n\n<div class=\"ama-block block-txtmedia is-style-default els-are-center uses-size3\"><div class=\"block__body\"><div class=\"body__content\">\n\n<h2 class=\"wp-block-heading wp-el\">Design<\/h2>\n\n\n\n<p class=\"wp-el\">Wir bieten \u00e4sthetische und zugleich kosteneffiziente L\u00f6sungen aus Re-board-Material, die f\u00fcr verschiedene Zwecke eingesetzt werden k\u00f6nnen.<\/p>\n\n\n\n<p class=\"wp-el\">Hier sind nur einige Beispiele daf\u00fcr, was mit Re-Board gemacht werden kann:<\/p>\n\n\n\n<p class=\"wp-el\">Verkaufsst\u00e4nder, Messest\u00e4nde, Displays, Aktions-\/Verkostungstische, Fotow\u00e4nde,<br>Palettenverkleidungen, Regalseitenelemente, Regalstopper, POS-Materialien, Sicherheitsschranken- Werbeelemente.<\/p>\n\n<\/div><div class=\"body__media\"><div class=\"splide\" data-splide={\"type\":\"fade\",\"arrows\":false,\"pagination\":false}><div class=\"splide__track\"><ul class=\"splide__list\"><li class=\"splide__slide\"><a href=\"https:\/\/futuredisplay.ee\/wp-content\/uploads\/2025\/05\/Future-Display-messiseinad.jpg\" data-fancybox=\"txtmedia-block_4e047e107741e7dd1782a8b90c98dbd5\"><picture><source media=\"(max-width:991px)\" srcset=\"https:\/\/futuredisplay.ee\/wp-content\/uploads\/bis-images\/1621\/Future-Display-messiseinad-991x860-f50_50.jpg\"><source media=\"(max-width:3840px)\" srcset=\"https:\/\/futuredisplay.ee\/wp-content\/uploads\/bis-images\/1621\/Future-Display-messiseinad-864x640-f50_50.jpg\"><source media=\"(min-width:3841px)\" srcset=\"https:\/\/futuredisplay.ee\/wp-content\/uploads\/2025\/05\/Future-Display-messiseinad.jpg\"><img width=\"1002\" height=\"1200\" src=\"https:\/\/futuredisplay.ee\/wp-content\/uploads\/2025\/05\/Future-Display-messiseinad.jpg\" class=\"attachment-full size-full\" alt=\"Messiseinad\" srcset=\"https:\/\/futuredisplay.ee\/wp-content\/uploads\/2025\/05\/Future-Display-messiseinad.jpg 1002w, https:\/\/futuredisplay.ee\/wp-content\/uploads\/2025\/05\/Future-Display-messiseinad-864x1035.jpg 864w\" sizes=\"(max-width: 1002px) 100vw, 1002px\" fetchpriority=\"high\" loading=\"eager\" decoding=\"async\" \/><\/picture><\/a><\/li><\/ul><\/div><\/div><\/div><\/div><\/div>\n\n<div class=\"ama-block block-txtmedia is-style-media-left els-are-center uses-size3\"><div class=\"block__body\"><div class=\"body__content\">\n\n<h1 class=\"wp-block-heading wp-el\">Produktion<\/h1>\n\n\n\n<p class=\"wp-el\">Wir fertigen POS-Materialien mit den modernsten Maschinen in Estland. Wir sind mit Re-board- Material bestens vertraut und k\u00f6nnen damit auch Ihre ausgefallensten Ideen realisieren.<\/p>\n\n\n\n<p class=\"wp-el\">Unsere Produktion erfolgt auf Re-board, da es direkt bedruckt werden kann und sich daraus viele verschiedene L\u00f6sungen formen lassen. Es ist leicht und gleichzeitig widerstandsf\u00e4hig. Ein<br>Quadratmeter des Materials h\u00e4lt einer mechanischen Belastung von bis zu 70\u202fkg stand und ist schwer entflammbar gem\u00e4\u00df Klasse&nbsp;B1.<\/p>\n\n\n\n<p class=\"wp-el\">Bei Fragen zu unserem Produktionsprozess oder f\u00fcr weitere Informationen stehen wir Ihnen gerne<br>zur Verf\u00fcgung.<\/p>\n\n<\/div><div class=\"body__media\"><div class=\"splide\" data-splide={\"type\":\"fade\",\"arrows\":false,\"pagination\":false}><div class=\"splide__track\"><ul class=\"splide__list\"><li class=\"splide__slide\"><a href=\"https:\/\/futuredisplay.ee\/wp-content\/uploads\/2025\/05\/Messide-erilahendused-1128x1504.jpeg\" data-fancybox=\"txtmedia-block_749a6d837814a35f5e8bcec986fc58bb\"><picture><source media=\"(max-width:991px)\" srcset=\"https:\/\/futuredisplay.ee\/wp-content\/uploads\/bis-images\/1600\/Messide-erilahendused-991x860-f50_50.jpeg\"><source media=\"(max-width:3840px)\" srcset=\"https:\/\/futuredisplay.ee\/wp-content\/uploads\/bis-images\/1600\/Messide-erilahendused-864x640-f50_50.jpeg\"><source media=\"(min-width:3841px)\" srcset=\"https:\/\/futuredisplay.ee\/wp-content\/uploads\/2025\/05\/Messide-erilahendused.jpeg\"><img width=\"1536\" height=\"2048\" src=\"https:\/\/futuredisplay.ee\/wp-content\/uploads\/2025\/05\/Messide-erilahendused.jpeg\" class=\"attachment-full size-full\" alt=\"Erilahendused\" srcset=\"https:\/\/futuredisplay.ee\/wp-content\/uploads\/2025\/05\/Messide-erilahendused.jpeg 1536w, https:\/\/futuredisplay.ee\/wp-content\/uploads\/2025\/05\/Messide-erilahendused-864x1152.jpeg 864w, https:\/\/futuredisplay.ee\/wp-content\/uploads\/2025\/05\/Messide-erilahendused-1128x1504.jpeg 1128w\" sizes=\"(max-width: 1536px) 100vw, 1536px\" fetchpriority=\"high\" loading=\"eager\" decoding=\"async\" \/><\/picture><\/a><\/li><\/ul><\/div><\/div><\/div><\/div><\/div>\n\n\n<div data-fullscreen=\"disabled\" data-mode=\"lazyload\" data-oembed=\"1\" data-provider=\"youtube\" data-reset-after-played id=\"arve-youtube-b3xqjak_ui4\" class=\"arve arve-hover-effect-darken\" class=\"wp-block-nextgenthemes-arve-block\">\n\t<div class=\"arve-inner\">\n\t\t<div class=\"arve-embed arve-embed--has-aspect-ratio\">\n\t\t\t<div class=\"arve-ar\" style=\"padding-top:56.250000%\"><\/div>\n\t\t\t<noscript class=\"arve-noscript\"><iframe allow=\"accelerometer &apos;none&apos;;autoplay;bluetooth &apos;none&apos;;browsing-topics &apos;none&apos;;camera &apos;none&apos;;clipboard-read &apos;none&apos;;clipboard-write;display-capture &apos;none&apos;;encrypted-media &apos;none&apos;;gamepad &apos;none&apos;;geolocation &apos;none&apos;;gyroscope &apos;none&apos;;hid &apos;none&apos;;identity-credentials-get &apos;none&apos;;idle-detection &apos;none&apos;;keyboard-map &apos;none&apos;;local-fonts;magnetometer &apos;none&apos;;microphone &apos;none&apos;;midi &apos;none&apos;;otp-credentials &apos;none&apos;;payment &apos;none&apos;;picture-in-picture;publickey-credentials-create &apos;none&apos;;publickey-credentials-get &apos;none&apos;;screen-wake-lock &apos;none&apos;;serial &apos;none&apos;;summarizer &apos;none&apos;;sync-xhr;usb &apos;none&apos;;web-share;window-management &apos;none&apos;;xr-spatial-tracking &apos;none&apos;;\" allowfullscreen=\"\" class=\"arve-iframe fitvidsignore\" credentialless data-arve=\"arve-youtube-b3xqjak_ui4\" data-lenis-prevent=\"\" data-src-no-ap=\"https:\/\/www.youtube-nocookie.com\/embed\/b3XQjak_Ui4?feature=oembed&amp;iv_load_policy=3&amp;modestbranding=1&amp;rel=0&amp;autohide=1&amp;playsinline=0&amp;autoplay=0&amp;enablejsapi=1\" frameborder=\"0\" height=\"0\" loading=\"eager\" name=\"\" referrerpolicy=\"strict-origin-when-cross-origin\" sandbox=\"allow-scripts allow-same-origin allow-presentation allow-popups allow-popups-to-escape-sandbox\" scrolling=\"no\" src=\"https:\/\/www.youtube-nocookie.com\/embed\/b3XQjak_Ui4?feature=oembed&#038;iv_load_policy=3&#038;modestbranding=1&#038;rel=0&#038;autohide=1&#038;playsinline=0&#038;autoplay=1&#038;enablejsapi=1\" title=\"FutureDisplay\" width=\"0\"><\/iframe><\/noscript>\n\t\t\t<img decoding=\"async\" alt=\"FutureDisplay\" class=\"arve-thumbnail\" height=\"360\" loading=\"lazy\" sizes=\"auto\" src=\"https:\/\/i.ytimg.com\/vi\/b3XQjak_Ui4\/hqdefault.jpg\" srcset=\"https:\/\/i.ytimg.com\/vi_webp\/b3XQjak_Ui4\/hqdefault.webp 480w, https:\/\/i.ytimg.com\/vi_webp\/b3XQjak_Ui4\/sddefault.webp 640w, https:\/\/i.ytimg.com\/vi_webp\/b3XQjak_Ui4\/maxresdefault.webp 1280w\" width=\"480\">\n\t\t\t<button aria-label=\"Play video: FutureDisplay\" class=\"arve-play-btn arve-play-btn--circle\" data-target=\"#arve-youtube-b3xqjak_ui4\" role=\"button\" type=\"button\"><svg class=\"arve-play-svg arve-play-svg--circle\" focusable=\"false\" aria-hidden=\"true\" width=\"75\" viewBox=\"0 0 50 50\"xmlns=\"http:\/\/www.w3.org\/2000\/svg\"><circle fill=\"black\" fill-opacity=\"0.4\" cx=\"25\" cy=\"25\" r=\"25\"><\/circle><path fill=\"white\" fill-opacity=\"0.8\" fill-rule=\"evenodd\" d=\"M 25, 25m -21, 0a 21,21 0 1,0 42,0a 21,21 0 1,0 -42,0M18.5 14 v22 l17 -11z\"><\/path><\/svg><\/button>\n\t\t\t\n\t\t<\/div>\n\t\t\n\t<\/div>\n\t\n\t\n\t<script type=\"application\/ld+json\">{\"@context\":\"http:\\\/\\\/schema.org\\\/\",\"@id\":\"https:\\\/\\\/futuredisplay.ee\\\/de\\\/dienstleistungen\\\/#arve-youtube-b3xqjak_ui4\",\"type\":\"VideoObject\",\"embedURL\":\"https:\\\/\\\/www.youtube-nocookie.com\\\/embed\\\/b3XQjak_Ui4?feature=oembed&iv_load_policy=3&modestbranding=1&rel=0&autohide=1&playsinline=0&autoplay=1&enablejsapi=1\",\"name\":\"FutureDisplay\",\"thumbnailUrl\":\"https:\\\/\\\/i.ytimg.com\\\/vi\\\/b3XQjak_Ui4\\\/hqdefault.jpg\",\"uploadDate\":\"2018-06-01T11:08:03Z\",\"author\":\"Silver Muru\",\"description\":\"Komplettservice Wir bieten Ihnen einen Komplettservice f\\u00fcr die Herstellung von Marketingmaterialien. Wir verf\\u00fcgen \\u00fcber langj\\u00e4hrige Kenntnisse und Erfahrungen in diesem Bereich. Der Komplettservice f\\u00fcr POS-Materialien ist so einfach und bequem, dass wir es selbst kaum glauben k\\u00f6nnten, wenn wir es nic\"}<\/script>\n\t\n<\/div>","protected":false},"excerpt":{"rendered":"","protected":false},"author":3,"featured_media":0,"parent":0,"menu_order":40,"comment_status":"closed","ping_status":"closed","template":"","meta":{"_acf_changed":false,"inline_featured_image":false,"footnotes":""},"class_list":["post-1725","page","type-page","status-publish","hentry"],"acf":[],"_links":{"self":[{"href":"https:\/\/futuredisplay.ee\/de\/wp-json\/wp\/v2\/pages\/1725","targetHints":{"allow":["GET"]}}],"collection":[{"href":"https:\/\/futuredisplay.ee\/de\/wp-json\/wp\/v2\/pages"}],"about":[{"href":"https:\/\/futuredisplay.ee\/de\/wp-json\/wp\/v2\/types\/page"}],"author":[{"embeddable":true,"href":"https:\/\/futuredisplay.ee\/de\/wp-json\/wp\/v2\/users\/3"}],"replies":[{"embeddable":true,"href":"https:\/\/futuredisplay.ee\/de\/wp-json\/wp\/v2\/comments?post=1725"}],"version-history":[{"count":0,"href":"https:\/\/futuredisplay.ee\/de\/wp-json\/wp\/v2\/pages\/1725\/revisions"}],"wp:attachment":[{"href":"https:\/\/futuredisplay.ee\/de\/wp-json\/wp\/v2\/media?parent=1725"}],"curies":[{"name":"wp","href":"https:\/\/api.w.org\/{rel}","templated":true}]}}