{"id":1985,"date":"2025-05-20T12:43:20","date_gmt":"2025-05-20T12:43:20","guid":{"rendered":"https:\/\/futuredisplay.ee\/?page_id=1985"},"modified":"2026-01-19T09:01:54","modified_gmt":"2026-01-19T09:01:54","slug":"etusivu","status":"publish","type":"page","link":"https:\/\/futuredisplay.ee\/fi\/","title":{"rendered":"Etusivu"},"content":{"rendered":"<div class=\"ama-block block-txtmedia is-style-default els-are-bottom uses-size1\"><div class=\"block__body\"><div class=\"body__content\">\n\n<p class=\"is-style-badge wp-el\"><span class=\"is-badge-content\">Vuodesta 2011<\/span><\/p>\n\n\n\n<h2 class=\"wp-block-heading wp-el\">Painotalo \u2013 kaikki tarvittava samasta paikasta<\/h2>\n\n\n\n<p class=\"has-semi-large-font-size wp-el\">Tarjoamme kokonaisvaltaista palvelua \u2013 digipaino ja valmistus, kuljetus, asennus, purku ja varastointi.<\/p>\n\n\n\n<ul class=\"wp-block-list is-style-checked wp-el\">\n<li>14 vuoden kokemus<\/li>\n\n\n\n<li>Yli 1000 toteutettua messuratkaisua<\/li>\n<\/ul>\n\n<\/div><div class=\"body__media has-pattern\"><div class=\"splide\" data-splide={\"type\":\"fade\",\"arrows\":false,\"pagination\":false}><div class=\"splide__track\"><ul class=\"splide__list\"><li class=\"splide__slide\"><a href=\"https:\/\/futuredisplay.ee\/wp-content\/uploads\/2025\/05\/800b8825bf488c62f179654afdb224225ded652b-1504x1002.jpg\" data-fancybox=\"txtmedia-block_64b83947a13d76fb778ef26d9fcbea22\"><picture><source media=\"(max-width:991px)\" srcset=\"https:\/\/futuredisplay.ee\/wp-content\/uploads\/bis-images\/1986\/800b8825bf488c62f179654afdb224225ded652b-991x860-f50_50.jpg\"><source media=\"(max-width:3840px)\" srcset=\"https:\/\/futuredisplay.ee\/wp-content\/uploads\/bis-images\/1986\/800b8825bf488c62f179654afdb224225ded652b-736x688-f50_50.jpg\"><source media=\"(min-width:3841px)\" srcset=\"https:\/\/futuredisplay.ee\/wp-content\/uploads\/2025\/05\/800b8825bf488c62f179654afdb224225ded652b.jpg\"><img width=\"2048\" height=\"1364\" src=\"https:\/\/futuredisplay.ee\/wp-content\/uploads\/2025\/05\/800b8825bf488c62f179654afdb224225ded652b.jpg\" class=\"attachment-full size-full\" alt=\"\" srcset=\"https:\/\/futuredisplay.ee\/wp-content\/uploads\/2025\/05\/800b8825bf488c62f179654afdb224225ded652b.jpg 2048w, https:\/\/futuredisplay.ee\/wp-content\/uploads\/2025\/05\/800b8825bf488c62f179654afdb224225ded652b-864x575.jpg 864w, https:\/\/futuredisplay.ee\/wp-content\/uploads\/2025\/05\/800b8825bf488c62f179654afdb224225ded652b-1504x1002.jpg 1504w\" sizes=\"(max-width: 2048px) 100vw, 2048px\" fetchpriority=\"high\" loading=\"eager\" decoding=\"async\" \/><\/picture><\/a><\/li><\/ul><\/div><\/div><\/div><\/div><\/div>\n\n<div class=\"ama-block block-gallery is-style-alt\" data-limit=\"12\"><div class=\"block__body overflow-hidden\"><div class=\"gallery\"><figure class=\"gallery-item \" data-id=\"1340\" ><button type=\"button\"><img decoding=\"async\" width=\"352\" height=\"488\" src=\"https:\/\/futuredisplay.ee\/wp-content\/uploads\/bis-images\/1340\/Santa-Maria-352x488-f50_50.jpeg\" class=\"attachment-352x488\" alt=\"Metallist POS lahendused\" loading=\"lazy\" \/><span class=\"overlay\">Avaa suurempi<\/span><\/button><\/figure><figure class=\"gallery-item \" data-id=\"1929\" ><button type=\"button\"><img decoding=\"async\" width=\"352\" height=\"488\" src=\"https:\/\/futuredisplay.ee\/wp-content\/uploads\/bis-images\/1929\/Messide-erilahendused-352x488-f50_50.jpeg\" class=\"attachment-352x488\" alt=\"Erilahendused\" loading=\"lazy\" \/><span class=\"overlay\">Avaa suurempi<\/span><\/button><\/figure><figure class=\"gallery-item \" data-id=\"1312\" ><button type=\"button\"><img decoding=\"async\" width=\"352\" height=\"488\" src=\"https:\/\/futuredisplay.ee\/wp-content\/uploads\/bis-images\/1312\/Aluseumbrise-printimine-352x488-f50_50.jpeg\" class=\"attachment-352x488\" alt=\"Aluse\u00fcmbrised\" loading=\"lazy\" \/><span class=\"overlay\">Avaa suurempi<\/span><\/button><\/figure><figure class=\"gallery-item \" data-id=\"1332\" ><button type=\"button\"><img decoding=\"async\" width=\"352\" height=\"488\" src=\"https:\/\/futuredisplay.ee\/wp-content\/uploads\/bis-images\/1332\/Riiuliraakija-naidis-352x488-f50_50.jpeg\" class=\"attachment-352x488\" alt=\"Riiulir\u00e4\u00e4kija\" loading=\"lazy\" \/><span class=\"overlay\">Avaa suurempi<\/span><\/button><\/figure><\/div><\/div><div class=\"block__footer is-centered\"><div class=\"wp-block-button is-style-outline\"><a href=\"https:\/\/futuredisplay.ee\/fi\/inspiraatio\/\" class=\"wp-block-button__link\">Tekemi\u00e4mme t\u00f6it\u00e4:<\/a><\/div><\/div><div class=\"modal gallery-modal fade\" id=\"galleryItem1340\" tabindex=\"-1\" aria-hidden=\"true\"><div class=\"modal-dialog modal-dialog-centered\"><div class=\"modal-content\"><div class=\"modal-header\"><button type=\"button\" class=\"btn-close\" data-bs-dismiss=\"modal\" aria-label=\"Close\"><\/button><\/div><div class=\"modal-body\"><img decoding=\"async\" width=\"654\" height=\"872\" src=\"https:\/\/futuredisplay.ee\/wp-content\/uploads\/bis-images\/1340\/Santa-Maria-872x872.jpeg\" class=\"attachment-872x872\" alt=\"Metallist POS lahendused\" loading=\"lazy\" \/><button type=\"button\" class=\"modal-nav modal-nav__next\"><\/button><\/div><\/div><\/div><\/div><div class=\"modal gallery-modal fade\" id=\"galleryItem1929\" tabindex=\"-1\" aria-hidden=\"true\"><div class=\"modal-dialog modal-dialog-centered\"><div class=\"modal-content\"><div class=\"modal-header\"><button type=\"button\" class=\"btn-close\" data-bs-dismiss=\"modal\" aria-label=\"Close\"><\/button><\/div><div class=\"modal-body\"><img decoding=\"async\" width=\"654\" height=\"872\" src=\"https:\/\/futuredisplay.ee\/wp-content\/uploads\/bis-images\/1929\/Messide-erilahendused-872x872.jpeg\" class=\"attachment-872x872\" alt=\"Erilahendused\" loading=\"lazy\" \/><button type=\"button\" class=\"modal-nav modal-nav__prev\"><\/button><button type=\"button\" class=\"modal-nav modal-nav__next\"><\/button><\/div><\/div><\/div><\/div><div class=\"modal gallery-modal fade\" id=\"galleryItem1312\" tabindex=\"-1\" aria-hidden=\"true\"><div class=\"modal-dialog modal-dialog-centered\"><div class=\"modal-content\"><div class=\"modal-header\"><button type=\"button\" class=\"btn-close\" data-bs-dismiss=\"modal\" aria-label=\"Close\"><\/button><\/div><div class=\"modal-body\"><img decoding=\"async\" width=\"872\" height=\"872\" src=\"https:\/\/futuredisplay.ee\/wp-content\/uploads\/bis-images\/1312\/Aluseumbrise-printimine-872x872.jpeg\" class=\"attachment-872x872\" alt=\"Aluse\u00fcmbrised\" loading=\"lazy\" \/><button type=\"button\" class=\"modal-nav modal-nav__prev\"><\/button><button type=\"button\" class=\"modal-nav modal-nav__next\"><\/button><\/div><\/div><\/div><\/div><div class=\"modal gallery-modal fade\" id=\"galleryItem1332\" tabindex=\"-1\" aria-hidden=\"true\"><div class=\"modal-dialog modal-dialog-centered\"><div class=\"modal-content\"><div class=\"modal-header\"><button type=\"button\" class=\"btn-close\" data-bs-dismiss=\"modal\" aria-label=\"Close\"><\/button><\/div><div class=\"modal-body\"><img decoding=\"async\" width=\"872\" height=\"872\" src=\"https:\/\/futuredisplay.ee\/wp-content\/uploads\/bis-images\/1332\/Riiuliraakija-naidis-872x872.jpeg\" class=\"attachment-872x872\" alt=\"Riiulir\u00e4\u00e4kija\" loading=\"lazy\" \/><button type=\"button\" class=\"modal-nav modal-nav__prev\"><\/button><\/div><\/div><\/div><\/div><\/div>\n\n<div class=\"ama-block block-logos full-width overflow-hidden\"><div class=\"block__body\"><div class=\"logo-wrapper\"><div class=\"logo-item\"><img loading=\"lazy\" decoding=\"async\" src=\"https:\/\/futuredisplay.ee\/wp-content\/uploads\/2025\/05\/Belief.svg\" width=\"224\" height=\"56\" alt=\"\"><\/div><div class=\"logo-item\"><img loading=\"lazy\" decoding=\"async\" src=\"https:\/\/futuredisplay.ee\/wp-content\/uploads\/2025\/05\/dpd.svg\" width=\"224\" height=\"56\" alt=\"\"><\/div><div class=\"logo-item\"><img loading=\"lazy\" decoding=\"async\" src=\"https:\/\/futuredisplay.ee\/wp-content\/uploads\/2025\/05\/Padelikeskus.svg\" width=\"224\" height=\"56\" alt=\"\"><\/div><div class=\"logo-item\"><img loading=\"lazy\" decoding=\"async\" src=\"https:\/\/futuredisplay.ee\/wp-content\/uploads\/2025\/05\/sanitex.svg\" width=\"224\" height=\"56\" alt=\"\"><\/div><div class=\"logo-item\"><img loading=\"lazy\" decoding=\"async\" src=\"https:\/\/futuredisplay.ee\/wp-content\/uploads\/2025\/05\/Salvest.svg\" width=\"224\" height=\"56\" alt=\"\"><\/div><div class=\"logo-item\"><img loading=\"lazy\" decoding=\"async\" src=\"https:\/\/futuredisplay.ee\/wp-content\/uploads\/2025\/05\/Tridens.svg\" width=\"224\" height=\"56\" alt=\"\"><\/div><\/div><\/div><\/div>\n\n<div class=\"ama-block block-bgcolor has-secondary-500-background-color full-width\">\n<div class=\"ama-block block-icon-title\"><div class=\"block__header\"><h2>T\u00e4ysi palvelu &#8211; kaikki samasta paikasta<\/h2><\/div><div class=\"block__body\"><div class=\"icon-title-item\"><span class=\"ama-mask\" style=\"mask-image: url(https:\/\/futuredisplay.ee\/wp-content\/uploads\/2025\/05\/design.svg); -webkit-mask-image: url(https:\/\/futuredisplay.ee\/wp-content\/uploads\/2025\/05\/design.svg);\">\r\n            <img loading=\"lazy\" decoding=\"async\" src=\"https:\/\/futuredisplay.ee\/wp-content\/uploads\/2025\/05\/design.svg\" width=\"64\" height=\"64\" alt=\"\">\r\n        <\/span><p>Design<\/p><\/div><div class=\"icon-title-item\"><span class=\"ama-mask\" style=\"mask-image: url(https:\/\/futuredisplay.ee\/wp-content\/uploads\/2025\/05\/producing.svg); -webkit-mask-image: url(https:\/\/futuredisplay.ee\/wp-content\/uploads\/2025\/05\/producing.svg);\">\r\n            <img loading=\"lazy\" decoding=\"async\" src=\"https:\/\/futuredisplay.ee\/wp-content\/uploads\/2025\/05\/producing.svg\" width=\"65\" height=\"64\" alt=\"\">\r\n        <\/span><p>Valmistus<\/p><\/div><div class=\"icon-title-item\"><span class=\"ama-mask\" style=\"mask-image: url(https:\/\/futuredisplay.ee\/wp-content\/uploads\/2025\/05\/adding.svg); -webkit-mask-image: url(https:\/\/futuredisplay.ee\/wp-content\/uploads\/2025\/05\/adding.svg);\">\r\n            <img loading=\"lazy\" decoding=\"async\" src=\"https:\/\/futuredisplay.ee\/wp-content\/uploads\/2025\/05\/adding.svg\" width=\"65\" height=\"64\" alt=\"\">\r\n        <\/span><p>Asennus ja purku<\/p><\/div><div class=\"icon-title-item\"><span class=\"ama-mask\" style=\"mask-image: url(https:\/\/futuredisplay.ee\/wp-content\/uploads\/2025\/05\/warehouse.svg); -webkit-mask-image: url(https:\/\/futuredisplay.ee\/wp-content\/uploads\/2025\/05\/warehouse.svg);\">\r\n            <img loading=\"lazy\" decoding=\"async\" src=\"https:\/\/futuredisplay.ee\/wp-content\/uploads\/2025\/05\/warehouse.svg\" width=\"65\" height=\"64\" alt=\"\">\r\n        <\/span><p>Varastointi<\/p><\/div><div class=\"icon-title-item\"><span class=\"ama-mask\" style=\"mask-image: url(https:\/\/futuredisplay.ee\/wp-content\/uploads\/2025\/05\/map-pin-one.svg); -webkit-mask-image: url(https:\/\/futuredisplay.ee\/wp-content\/uploads\/2025\/05\/map-pin-one.svg);\">\r\n            <img loading=\"lazy\" decoding=\"async\" src=\"https:\/\/futuredisplay.ee\/wp-content\/uploads\/2025\/05\/map-pin-one.svg\" width=\"65\" height=\"64\" alt=\"\">\r\n        <\/span><p>Suoritamme t\u00f6it\u00e4 kaikkialla Virossa<\/p><\/div><\/div><div class=\"block__footer\"><div class=\"wp-block-button is-style-outline\"><a href=\"https:\/\/futuredisplay.ee\/fi\/palvelut\/\" class=\"wp-block-button__link\">Tutustu palveluun<\/a><\/div><\/div><\/div>\n<\/div>\n\n<div class=\"ama-block block-bgcolor has-primary-700-background-color full-width\">\n<div class=\"ama-block block-txtvideo els-are-center\"><div class=\"block__body\"><div class=\"body__content\">\n\n<h2 class=\"wp-block-heading wp-el\">Re-board on kevyt, kest\u00e4v\u00e4 ja n\u00e4ytt\u00e4v\u00e4.<\/h2>\n\n\n\n<p class=\"wp-el\">V\u00e4hitt\u00e4iskauppiaat tarvitsevat tuoreita ja kustannustehokkaita esillepanoja. Future Display yhdist\u00e4\u00e4 Re-boardilla huomiota her\u00e4tt\u00e4v\u00e4n muotoilun, keveyden ja kest\u00e4vyyden.<\/p>\n\n\n\n<ul class=\"wp-block-list is-style-checked wp-el\">\n<li>Uudelleenk\u00e4ytett\u00e4v\u00e4<\/li>\n\n\n\n<li>Tulosta p\u00e4\u00e4lle<\/li>\n\n\n\n<li>Kest\u00e4\u00e4 70 kg painoa<\/li>\n<\/ul>\n\n\n\n<div class=\"wp-block-buttons is-layout-flex wp-block-buttons-is-layout-flex\">\n<div class=\"wp-block-button is-style-outline is-style-outline--1\"><a class=\"wp-block-button__link wp-element-button\" href=\"https:\/\/futuredisplay.ee\/fi\/re-board\/\">Tutvustu<\/a><\/div>\n<\/div>\n\n<\/div><div class=\"body__media\">\n<div data-fullscreen=\"disabled\" data-mode=\"lazyload\" data-oembed=\"1\" data-provider=\"youtube\" data-reset-after-played id=\"arve-youtube-b3xqjak_ui4\" class=\"arve arve-hover-effect-darken\">\n\t<div class=\"arve-inner\">\n\t\t<div class=\"arve-embed arve-embed--has-aspect-ratio\">\n\t\t\t<div class=\"arve-ar\" style=\"padding-top:56.250000%\"><\/div>\n\t\t\t<noscript class=\"arve-noscript\"><iframe allow=\"accelerometer &apos;none&apos;;autoplay;bluetooth &apos;none&apos;;browsing-topics &apos;none&apos;;camera &apos;none&apos;;clipboard-read &apos;none&apos;;clipboard-write;display-capture &apos;none&apos;;encrypted-media &apos;none&apos;;gamepad &apos;none&apos;;geolocation &apos;none&apos;;gyroscope &apos;none&apos;;hid &apos;none&apos;;identity-credentials-get &apos;none&apos;;idle-detection &apos;none&apos;;keyboard-map &apos;none&apos;;local-fonts;magnetometer &apos;none&apos;;microphone &apos;none&apos;;midi &apos;none&apos;;otp-credentials &apos;none&apos;;payment &apos;none&apos;;picture-in-picture;publickey-credentials-create &apos;none&apos;;publickey-credentials-get &apos;none&apos;;screen-wake-lock &apos;none&apos;;serial &apos;none&apos;;summarizer &apos;none&apos;;sync-xhr;usb &apos;none&apos;;web-share;window-management &apos;none&apos;;xr-spatial-tracking &apos;none&apos;;\" allowfullscreen=\"\" class=\"arve-iframe fitvidsignore\" credentialless data-arve=\"arve-youtube-b3xqjak_ui4\" data-lenis-prevent=\"\" data-src-no-ap=\"https:\/\/www.youtube-nocookie.com\/embed\/b3XQjak_Ui4?feature=oembed&amp;iv_load_policy=3&amp;modestbranding=1&amp;rel=0&amp;autohide=1&amp;playsinline=0&amp;autoplay=0&amp;enablejsapi=1\" frameborder=\"0\" height=\"0\" loading=\"eager\" name=\"\" referrerpolicy=\"strict-origin-when-cross-origin\" sandbox=\"allow-scripts allow-same-origin allow-presentation allow-popups allow-popups-to-escape-sandbox\" scrolling=\"no\" src=\"https:\/\/www.youtube-nocookie.com\/embed\/b3XQjak_Ui4?feature=oembed&#038;iv_load_policy=3&#038;modestbranding=1&#038;rel=0&#038;autohide=1&#038;playsinline=0&#038;autoplay=1&#038;enablejsapi=1\" title=\"FutureDisplay\" width=\"0\"><\/iframe><\/noscript>\n\t\t\t<img decoding=\"async\" alt=\"FutureDisplay\" class=\"arve-thumbnail\" height=\"360\" loading=\"lazy\" sizes=\"auto\" src=\"https:\/\/i.ytimg.com\/vi\/b3XQjak_Ui4\/hqdefault.jpg\" srcset=\"https:\/\/i.ytimg.com\/vi_webp\/b3XQjak_Ui4\/hqdefault.webp 480w, https:\/\/i.ytimg.com\/vi_webp\/b3XQjak_Ui4\/sddefault.webp 640w, https:\/\/i.ytimg.com\/vi_webp\/b3XQjak_Ui4\/maxresdefault.webp 1280w\" width=\"480\">\n\t\t\t<button aria-label=\"Play video: FutureDisplay\" class=\"arve-play-btn arve-play-btn--circle\" data-target=\"#arve-youtube-b3xqjak_ui4\" role=\"button\" type=\"button\"><svg class=\"arve-play-svg arve-play-svg--circle\" focusable=\"false\" aria-hidden=\"true\" width=\"75\" viewBox=\"0 0 50 50\"xmlns=\"http:\/\/www.w3.org\/2000\/svg\"><circle fill=\"black\" fill-opacity=\"0.4\" cx=\"25\" cy=\"25\" r=\"25\"><\/circle><path fill=\"white\" fill-opacity=\"0.8\" fill-rule=\"evenodd\" d=\"M 25, 25m -21, 0a 21,21 0 1,0 42,0a 21,21 0 1,0 -42,0M18.5 14 v22 l17 -11z\"><\/path><\/svg><\/button>\n\t\t\t\n\t\t<\/div>\n\t\t\n\t<\/div>\n\t\n\t\n\t<script type=\"application\/ld+json\">{\"@context\":\"http:\\\/\\\/schema.org\\\/\",\"@id\":\"https:\\\/\\\/futuredisplay.ee\\\/fi\\\/#arve-youtube-b3xqjak_ui4\",\"type\":\"VideoObject\",\"embedURL\":\"https:\\\/\\\/www.youtube-nocookie.com\\\/embed\\\/b3XQjak_Ui4?feature=oembed&iv_load_policy=3&modestbranding=1&rel=0&autohide=1&playsinline=0&autoplay=1&enablejsapi=1\",\"name\":\"FutureDisplay\",\"thumbnailUrl\":\"https:\\\/\\\/i.ytimg.com\\\/vi\\\/b3XQjak_Ui4\\\/hqdefault.jpg\",\"uploadDate\":\"2018-06-01T11:08:03Z\",\"author\":\"Silver Muru\",\"description\":\"Vuodesta 2011 Painotalo \\u2013 kaikki tarvittava samasta paikasta Tarjoamme kokonaisvaltaista palvelua \\u2013 digipaino ja valmistus, kuljetus, asennus, purku ja varastointi. 14 vuoden kokemus Yli 1000 toteutettua messuratkaisua Re-board on kevyt, kest\\u00e4v\\u00e4 ja n\\u00e4ytt\\u00e4v\\u00e4. V\\u00e4hitt\\u00e4iskauppiaat tarvitsevat tuoreita j\"}<\/script>\n\t\n<\/div><\/div><\/div><\/div>\n<\/div>\n\n<div class=\"ama-block block-cfeedback is-style-slider full-width overflow-hidden\"><div class=\"block__header\"><h2>Asiakkaat meist\u00e4<\/h2><\/div><div class=\"block__body\"><div class=\"splide\" data-splide={\"gap\":\"var(--ama-gutter-double-x)\",\"perMove\":1,\"pagination\":false}><div class=\"splide__track\"><ul class=\"splide__list\"><li class=\"splide__slide\"><div class=\"client-feedback-item\"><div class=\"item__content\"><p>Yhteisty\u00f6 on kest\u00e4nyt vuosia ja se perustuu eritt\u00e4in vahvaan luottamukseen. Autamme ideoiden kehitt\u00e4misess\u00e4 ja suunnittelussa, ja Future Display valmistaa tuotteet. Yhteisty\u00f6ss\u00e4 syntyy aina tuloksia, jotka erottuvat sek\u00e4 paikallisilla ett\u00e4 kansainv\u00e4lisill\u00e4 markkinoilla. Tiivistettyn\u00e4 voimme sanoa, ett\u00e4 kyseess\u00e4 on nopea, luotettava ja ennen kaikkea mukava yritys.<\/p>\n<\/div><div class=\"item__about\"><img decoding=\"async\" width=\"56\" height=\"56\" src=\"https:\/\/futuredisplay.ee\/wp-content\/uploads\/bis-images\/401\/fallback-56x56-f50_50.jpg\" class=\"attachment-56x56\" alt=\"fallback\" loading=\"lazy\" \/><div class=\"is-content\"><p class=\"is-name\">Leana<\/p><p>Printlink<\/p>\n<\/div><\/div><\/div><\/li><li class=\"splide__slide\"><div class=\"client-feedback-item\"><div class=\"item__content\"><p>Visuaalisen konseptin luomisesta mainostelineen rakentamiseen messuilla kaikki sujui sopimusten mukaisesti ja ilman viivytyksi\u00e4. Mainostelineiden rakentamisessa k\u00e4ytetty Reboard-materiaali osoittautui tehokkaaksi valinnaksi sek\u00e4 laadun ett\u00e4 kest\u00e4vyyden kannalta. Asiakkaat arvostivat materiaalin keveytt\u00e4, kest\u00e4vyytt\u00e4 ja visuaalista puhtautta, mik\u00e4 mahdollisti modulaaristen, hyvin j\u00e4senneltyjen ja br\u00e4ndi\u00e4 tukevien telineiden rakentamisen. Re-board takasi my\u00f6s nopean asennuksen ja helpon logistiikan s\u00e4ilytt\u00e4en samalla ammattimaisen ja yhten\u00e4isen yleisvaikutelman.<\/p>\n<\/div><div class=\"item__about\"><img decoding=\"async\" width=\"56\" height=\"56\" src=\"https:\/\/futuredisplay.ee\/wp-content\/uploads\/bis-images\/401\/fallback-56x56-f50_50.jpg\" class=\"attachment-56x56\" alt=\"fallback\" loading=\"lazy\" \/><div class=\"is-content\"><p class=\"is-name\">Liina<\/p><p>Eesti Toiduainet\u00f6\u00f6stuse Liit<\/p>\n<\/div><\/div><\/div><\/li><li class=\"splide__slide\"><div class=\"client-feedback-item\"><div class=\"item__content\"><p>Future Display on Salvestin pitk\u00e4aikainen yhteisty\u00f6kumppani, ja voimme ehdottomasti mainita juuri heid\u00e4n erinomaisen reagointinopeutensa tilaustemme suhteen \u2013 valmistus on nopeaa, laatu hyv\u00e4\u00e4 ja t\u00e4t\u00e4 kaikkea t\u00e4ydent\u00e4\u00e4 hyv\u00e4 asiakaspalvelu.<\/p>\n<\/div><div class=\"item__about\"><img decoding=\"async\" width=\"56\" height=\"56\" src=\"https:\/\/futuredisplay.ee\/wp-content\/uploads\/bis-images\/401\/fallback-56x56-f50_50.jpg\" class=\"attachment-56x56\" alt=\"fallback\" loading=\"lazy\" \/><div class=\"is-content\"><p class=\"is-name\">Diana<\/p><p>Salvest<\/p>\n<\/div><\/div><\/div><\/li><\/ul><\/div><div class=\"splide__arrows\"><button class=\"splide__arrow splide__arrow--prev\"><svg width=\"16\" height=\"16\" viewBox=\"0 0 16 16\" fill=\"none\" xmlns=\"http:\/\/www.w3.org\/2000\/svg\"><path d=\"M14 8H2\" stroke=\"currentColor\" stroke-width=\"1.5\" stroke-linecap=\"round\" stroke-linejoin=\"round\"\/><path d=\"M7.3335 2.66659L2.00016 7.99992L7.3335 13.3333\" stroke=\"currentColor\" stroke-width=\"1.5\" stroke-linecap=\"round\" stroke-linejoin=\"round\"\/><\/svg><\/button><button class=\"splide__arrow splide__arrow--next\"><svg width=\"16\" height=\"16\" viewBox=\"0 0 16 16\" fill=\"none\" xmlns=\"http:\/\/www.w3.org\/2000\/svg\"><path d=\"M2 8H14\" stroke=\"currentColor\" stroke-width=\"1.5\" stroke-linecap=\"round\" stroke-linejoin=\"round\"\/><path d=\"M8.6665 2.66659L13.9998 7.99992L8.6665 13.3333\" stroke=\"currentColor\" stroke-width=\"1.5\" stroke-linecap=\"round\" stroke-linejoin=\"round\"\/><\/svg><\/button><\/div><\/div><\/div><\/div><div class=\"ama-block block-bgcolor has-secondary-500-background-color full-width\">\n<div class=\"ama-block block-txtmap full-width\"><div class=\"block__body\"><div class=\"body__content\">\n\n<h2 class=\"wp-block-heading wp-el\">Valmistamme Virossa, l\u00e4het\u00e4mme kaikkialle Eurooppaan<\/h2>\n\n\n\n<p class=\"wp-el\">POS-materiaalien valmistaminen Future Design O\u00dc:ss\u00e4 tapahtuu Viron nykyaikaisimmalla koneistolla. Tunnemme reboard-materiaalin hyvin ja voimme toteuttaa sill\u00e4 villeimm\u00e4tkin ideat.<\/p>\n\n<\/div><div class=\"body__map\"><img decoding=\"async\" width=\"1072\" height=\"864\" src=\"https:\/\/futuredisplay.ee\/wp-content\/uploads\/bis-images\/1989\/map-1072x864-f50_50.png\" class=\"attachment-1072x864\" alt=\"map\" loading=\"lazy\" \/><\/div><\/div><\/div>\n<\/div>\n\n<div class=\"ama-block block-cards\"><div class=\"block__header\"><h2>Miten voimme auttaa?<\/h2><\/div><div class=\"block__body\"><a href=\"https:\/\/futuredisplay.ee\/fi\/re-board\/\" class=\"card-item\"><div class=\"card-image\"><img loading=\"lazy\" decoding=\"async\" width=\"352\" height=\"480\" src=\"https:\/\/futuredisplay.ee\/wp-content\/uploads\/2025\/05\/santa_future-352x480.png\" class=\"attachment-img-352x480 size-img-352x480\" alt=\"\" \/><\/div><p class=\"card-title\"><span>Reboard-esillepanot<\/span><\/p><\/a><a href=\"https:\/\/futuredisplay.ee\/fi\/solutions\/messuseinat\/\" class=\"card-item\"><div class=\"card-image\"><img loading=\"lazy\" decoding=\"async\" width=\"352\" height=\"480\" src=\"https:\/\/futuredisplay.ee\/wp-content\/uploads\/2025\/05\/800b8825bf488c62f179654afdb224225ded652b-352x480.jpg\" class=\"attachment-img-352x480 size-img-352x480\" alt=\"\" \/><\/div><p class=\"card-title\"><span>Messutelineet<\/span><\/p><\/a><a href=\"https:\/\/futuredisplay.ee\/fi\/solutions\/hyllypuhujat\/\" class=\"card-item\"><div class=\"card-image\"><img loading=\"lazy\" decoding=\"async\" width=\"352\" height=\"480\" src=\"https:\/\/futuredisplay.ee\/wp-content\/uploads\/2025\/05\/riiuliraakija-352x480.png\" class=\"attachment-img-352x480 size-img-352x480\" alt=\"riiulir\u00e4\u00e4kija\" srcset=\"https:\/\/futuredisplay.ee\/wp-content\/uploads\/2025\/05\/riiuliraakija-352x480.png 352w, https:\/\/futuredisplay.ee\/wp-content\/uploads\/2025\/05\/riiuliraakija.png 705w\" sizes=\"auto, (max-width: 352px) 100vw, 352px\" \/><\/div><p class=\"card-title\"><span>Hyllypuhujat<\/span><\/p><\/a><a href=\"https:\/\/futuredisplay.ee\/fi\/solutions\/valokuvaseinat\/\" class=\"card-item\"><div class=\"card-image\"><img loading=\"lazy\" decoding=\"async\" width=\"352\" height=\"480\" src=\"https:\/\/futuredisplay.ee\/wp-content\/uploads\/2025\/05\/FD-fotosein-352x480.png\" class=\"attachment-img-352x480 size-img-352x480\" alt=\"\" \/><\/div><p class=\"card-title\"><span>Valokuvasein\u00e4t<\/span><\/p><\/a><a href=\"https:\/\/futuredisplay.ee\/fi\/solutions\/lattiatarrat\/\" class=\"card-item\"><div class=\"card-image\"><img loading=\"lazy\" decoding=\"async\" width=\"352\" height=\"480\" src=\"https:\/\/futuredisplay.ee\/wp-content\/uploads\/2025\/05\/p6rand_future-352x480.png\" class=\"attachment-img-352x480 size-img-352x480\" alt=\"P\u00e4randakleebised\" \/><\/div><p class=\"card-title\"><span>Lattiatarrat<\/span><\/p><\/a><a href=\"https:\/\/futuredisplay.ee\/fi\/solutions\/halyporttien-huput\/\" class=\"card-item\"><div class=\"card-image\"><img loading=\"lazy\" decoding=\"async\" width=\"352\" height=\"480\" src=\"https:\/\/futuredisplay.ee\/wp-content\/uploads\/2025\/05\/vrv_future_3-2-352x480.png\" class=\"attachment-img-352x480 size-img-352x480\" alt=\"Turvav\u00e4ravad\" \/><\/div><p class=\"card-title\"><span>Turvaporttip\u00e4\u00e4lliset<\/span><\/p><\/a><a href=\"https:\/\/futuredisplay.ee\/fi\/solutions\/aaltopahvi\/\" class=\"card-item\"><div class=\"card-image\"><img loading=\"lazy\" decoding=\"async\" width=\"352\" height=\"480\" src=\"https:\/\/futuredisplay.ee\/wp-content\/uploads\/2025\/05\/future_clips-352x480.png\" class=\"attachment-img-352x480 size-img-352x480\" alt=\"\" \/><\/div><p class=\"card-title\"><span>Aaltopahvista valmistetut displayt<\/span><\/p><\/a><a href=\"https:\/\/futuredisplay.ee\/fi\/solutions\/roikko\/\" class=\"card-item\"><div class=\"card-image\"><img loading=\"lazy\" decoding=\"async\" width=\"352\" height=\"480\" src=\"https:\/\/futuredisplay.ee\/wp-content\/uploads\/2025\/05\/rip_future_1-352x480.png\" class=\"attachment-img-352x480 size-img-352x480\" alt=\"\" \/><\/div><p class=\"card-title\"><span>Roikot<\/span><\/p><\/a><\/div><\/div>","protected":false},"excerpt":{"rendered":"","protected":false},"author":3,"featured_media":0,"parent":0,"menu_order":0,"comment_status":"closed","ping_status":"closed","template":"","meta":{"_acf_changed":false,"inline_featured_image":false,"footnotes":""},"class_list":["post-1985","page","type-page","status-publish","hentry"],"acf":[],"_links":{"self":[{"href":"https:\/\/futuredisplay.ee\/fi\/wp-json\/wp\/v2\/pages\/1985","targetHints":{"allow":["GET"]}}],"collection":[{"href":"https:\/\/futuredisplay.ee\/fi\/wp-json\/wp\/v2\/pages"}],"about":[{"href":"https:\/\/futuredisplay.ee\/fi\/wp-json\/wp\/v2\/types\/page"}],"author":[{"embeddable":true,"href":"https:\/\/futuredisplay.ee\/fi\/wp-json\/wp\/v2\/users\/3"}],"replies":[{"embeddable":true,"href":"https:\/\/futuredisplay.ee\/fi\/wp-json\/wp\/v2\/comments?post=1985"}],"version-history":[{"count":0,"href":"https:\/\/futuredisplay.ee\/fi\/wp-json\/wp\/v2\/pages\/1985\/revisions"}],"wp:attachment":[{"href":"https:\/\/futuredisplay.ee\/fi\/wp-json\/wp\/v2\/media?parent=1985"}],"curies":[{"name":"wp","href":"https:\/\/api.w.org\/{rel}","templated":true}]}}