{"id":2008,"date":"2025-05-22T07:53:13","date_gmt":"2025-05-22T07:53:13","guid":{"rendered":"https:\/\/futuredisplay.ee\/?page_id=2008"},"modified":"2025-12-29T15:42:08","modified_gmt":"2025-12-29T15:42:08","slug":"yhteystiedot","status":"publish","type":"page","link":"https:\/\/futuredisplay.ee\/fi\/yhteystiedot\/","title":{"rendered":"Yhteystiedot"},"content":{"rendered":"<div class=\"ama-block block-txtmedia is-style-media-left els-are-center uses-size3\"><div class=\"block__body\"><div class=\"body__content\">\n\n<h1 class=\"wp-block-heading wp-el\">Yhteystiedot<\/h1>\n\n\n\n<p class=\"wp-el\"><strong>Future Design O\u00dc<\/strong>\u2028<br><a href=\"https:\/\/www.google.com\/maps\/place\/Future+Design+O%C3%9C\/@59.3405776,24.6215965,17z\/data=!3m1!4b1!4m5!3m4!1s0x4692945eb32ce25f:0x1069cc97f248dbd7!8m2!3d59.3405749!4d24.6237852\" target=\"_blank\" rel=\"noreferrer noopener\">Piirim\u00e4e 8, T\u00e4nassilma, 76406 Harjumaa, Viro<\/a>\u2028<br>Rek.tunnus 12185981<br>ALV-nro EE101528944\u2028<br><a href=\"mailto:info@futuredisplay.ee\">info@futuredisplay.ee<\/a><\/p>\n\n\n\n<p class=\"wp-el\"><strong>Toimisto ja tuotteiden luovutus<\/strong><br><a href=\"https:\/\/www.google.com\/maps\/place\/Future+Design+O%C3%9C\/@59.3405776,24.6215965,17z\/data=!3m1!4b1!4m5!3m4!1s0x4692945eb32ce25f:0x1069cc97f248dbd7!8m2!3d59.3405749!4d24.6237852\" target=\"_blank\" rel=\"noreferrer noopener\">Piirim\u00e4e 8, T\u00e4nassilma, 76406 Harjumaa, Viro<\/a><\/p>\n\n<\/div><div class=\"body__media\"><div class=\"splide\" data-splide={\"type\":\"fade\",\"arrows\":false,\"pagination\":false}><div class=\"splide__track\"><ul class=\"splide__list\"><li class=\"splide__slide\"><a href=\"https:\/\/futuredisplay.ee\/wp-content\/uploads\/2025\/05\/83fddfbd79258000bde821c96df389310a98fd38.jpg\" data-fancybox=\"txtmedia-block_1776cf5befbb942e0d24d3e70aadaa61\"><picture><source media=\"(max-width:991px)\" srcset=\"https:\/\/futuredisplay.ee\/wp-content\/uploads\/bis-images\/1987\/83fddfbd79258000bde821c96df389310a98fd38-991x860-f50_50.jpg\"><source media=\"(max-width:3840px)\" srcset=\"https:\/\/futuredisplay.ee\/wp-content\/uploads\/bis-images\/1987\/83fddfbd79258000bde821c96df389310a98fd38-864x640-f50_50.jpg\"><source media=\"(min-width:3841px)\" srcset=\"https:\/\/futuredisplay.ee\/wp-content\/uploads\/2025\/05\/83fddfbd79258000bde821c96df389310a98fd38.jpg\"><img width=\"900\" height=\"700\" src=\"https:\/\/futuredisplay.ee\/wp-content\/uploads\/2025\/05\/83fddfbd79258000bde821c96df389310a98fd38.jpg\" class=\"attachment-full size-full\" alt=\"\" srcset=\"https:\/\/futuredisplay.ee\/wp-content\/uploads\/2025\/05\/83fddfbd79258000bde821c96df389310a98fd38.jpg 900w, https:\/\/futuredisplay.ee\/wp-content\/uploads\/2025\/05\/83fddfbd79258000bde821c96df389310a98fd38-864x672.jpg 864w\" sizes=\"(max-width: 900px) 100vw, 900px\" fetchpriority=\"high\" loading=\"eager\" decoding=\"async\" \/><\/picture><\/a><\/li><\/ul><\/div><\/div><\/div><\/div><\/div>\n\n<div class=\"ama-block block-team\"><div class=\"block__header\"><h2>Tiimi<\/h2><\/div><div class=\"block__body\"><div class=\"team-member-item\"><div class=\"item__thumb\"><img loading=\"lazy\" decoding=\"async\" width=\"328\" height=\"320\" src=\"https:\/\/futuredisplay.ee\/wp-content\/uploads\/2025\/05\/fallback-328x320.jpg\" class=\"attachment-thumbnail size-thumbnail\" alt=\"\" \/><\/div><div class=\"item__content\"><p class=\"is-name\">Madis Pluum<\/p><p>Projektip\u00e4\u00e4llikk\u00f6<\/p>\n<div class=\"contact-methods \"><p><a href=\"mailto:madis@futuredisplay.ee\">madis@futuredisplay.ee<\/a><\/p><p><a href=\"tel:+3725299382\">+3725299382<\/a><\/p><\/div><\/div><\/div><div class=\"team-member-item\"><div class=\"item__thumb\"><img loading=\"lazy\" decoding=\"async\" width=\"328\" height=\"320\" src=\"https:\/\/futuredisplay.ee\/wp-content\/uploads\/2025\/05\/fallback-328x320.jpg\" class=\"attachment-thumbnail size-thumbnail\" alt=\"\" \/><\/div><div class=\"item__content\"><p class=\"is-name\">Ainar Meinart<\/p><p>Myyntip\u00e4\u00e4llikk\u00f6<\/p>\n<div class=\"contact-methods \"><p><a href=\"mailto:ainar@futuredisplay.ee\">ainar@futuredisplay.ee<\/a><\/p><p><a href=\"tel:+37258362545\">+37258362545<\/a><\/p><\/div><\/div><\/div><div class=\"team-member-item\"><div class=\"item__thumb\"><img loading=\"lazy\" decoding=\"async\" width=\"328\" height=\"320\" src=\"https:\/\/futuredisplay.ee\/wp-content\/uploads\/2025\/05\/fallback-328x320.jpg\" class=\"attachment-thumbnail size-thumbnail\" alt=\"\" \/><\/div><div class=\"item__content\"><p class=\"is-name\">Erki Reimann<\/p><p>Suomen myyntip\u00e4\u00e4llikk\u00f6<\/p>\n<div class=\"contact-methods \"><p><a href=\"mailto:erki@futuredisplay.ee\">erki@futuredisplay.ee<\/a><\/p><p><a href=\"tel:+358402519573\">+358402519573<\/a><\/p><\/div><\/div><\/div><div class=\"team-member-item\"><div class=\"item__thumb\"><img loading=\"lazy\" decoding=\"async\" width=\"328\" height=\"320\" src=\"https:\/\/futuredisplay.ee\/wp-content\/uploads\/2025\/05\/fallback-328x320.jpg\" class=\"attachment-thumbnail size-thumbnail\" alt=\"\" \/><\/div><div class=\"item__content\"><p class=\"is-name\">Raigo K\u00f5iv<\/p><p>Suomen myyntip\u00e4\u00e4llikk\u00f6<\/p>\n<div class=\"contact-methods \"><p><a href=\"mailto:raigo@futuredisplay.ee\">raigo@futuredisplay.ee<\/a><\/p><p><a href=\"tel:+3725092969\">+3725092969<\/a><\/p><\/div><\/div><\/div><\/div><\/div>","protected":false},"excerpt":{"rendered":"","protected":false},"author":3,"featured_media":0,"parent":0,"menu_order":80,"comment_status":"closed","ping_status":"closed","template":"","meta":{"_acf_changed":false,"inline_featured_image":false,"footnotes":""},"class_list":["post-2008","page","type-page","status-publish","hentry"],"acf":[],"_links":{"self":[{"href":"https:\/\/futuredisplay.ee\/fi\/wp-json\/wp\/v2\/pages\/2008","targetHints":{"allow":["GET"]}}],"collection":[{"href":"https:\/\/futuredisplay.ee\/fi\/wp-json\/wp\/v2\/pages"}],"about":[{"href":"https:\/\/futuredisplay.ee\/fi\/wp-json\/wp\/v2\/types\/page"}],"author":[{"embeddable":true,"href":"https:\/\/futuredisplay.ee\/fi\/wp-json\/wp\/v2\/users\/3"}],"replies":[{"embeddable":true,"href":"https:\/\/futuredisplay.ee\/fi\/wp-json\/wp\/v2\/comments?post=2008"}],"version-history":[{"count":0,"href":"https:\/\/futuredisplay.ee\/fi\/wp-json\/wp\/v2\/pages\/2008\/revisions"}],"wp:attachment":[{"href":"https:\/\/futuredisplay.ee\/fi\/wp-json\/wp\/v2\/media?parent=2008"}],"curies":[{"name":"wp","href":"https:\/\/api.w.org\/{rel}","templated":true}]}}